{"id":58070,"date":"2023-03-15T15:58:54","date_gmt":"2023-03-15T15:58:54","guid":{"rendered":"https:\/\/multimarcaprontomoda.com\/?post_type=product&#038;p=58070"},"modified":"2023-09-07T14:47:29","modified_gmt":"2023-09-07T14:47:29","slug":"blusa-tulle-coracao","status":"publish","type":"product","link":"https:\/\/multimarcaprontomoda.com\/en\/produto\/blusa-tulle-coracao","title":{"rendered":"Blusa Tulle Cora\u00e7\u00e3o"},"content":{"rendered":"<p>Composi\u00e7\u00e3o: 95% Viscose 5% Elastano<\/p>\n","protected":false},"excerpt":{"rendered":"<p>Descri\u00e7\u00e3o<\/p>\n","protected":false},"featured_media":57832,"template":"","meta":[],"product_cat":[298,190],"product_tag":[231],"class_list":["post-58070","product","type-product","status-publish","has-post-thumbnail","hentry","product_cat-camisolas-anvito-mulher-marcas","product_cat-camisolas-mulher","product_tag-camisolas"],"aioseo_notices":[],"_links":{"self":[{"href":"https:\/\/multimarcaprontomoda.com\/en\/wp-json\/wp\/v2\/product\/58070","targetHints":{"allow":["GET"]}}],"collection":[{"href":"https:\/\/multimarcaprontomoda.com\/en\/wp-json\/wp\/v2\/product"}],"about":[{"href":"https:\/\/multimarcaprontomoda.com\/en\/wp-json\/wp\/v2\/types\/product"}],"wp:featuredmedia":[{"embeddable":true,"href":"https:\/\/multimarcaprontomoda.com\/en\/wp-json\/wp\/v2\/media\/57832"}],"wp:attachment":[{"href":"https:\/\/multimarcaprontomoda.com\/en\/wp-json\/wp\/v2\/media?parent=58070"}],"wp:term":[{"taxonomy":"product_cat","embeddable":true,"href":"https:\/\/multimarcaprontomoda.com\/en\/wp-json\/wp\/v2\/product_cat?post=58070"},{"taxonomy":"product_tag","embeddable":true,"href":"https:\/\/multimarcaprontomoda.com\/en\/wp-json\/wp\/v2\/product_tag?post=58070"}],"curies":[{"name":"wp","href":"https:\/\/api.w.org\/{rel}","templated":true}]}}