{"id":58337,"date":"2023-03-15T16:01:51","date_gmt":"2023-03-15T16:01:51","guid":{"rendered":"https:\/\/multimarcaprontomoda.com\/?post_type=product&#038;p=58337"},"modified":"2023-09-07T14:50:21","modified_gmt":"2023-09-07T14:50:21","slug":"conjunto-angye","status":"publish","type":"product","link":"https:\/\/multimarcaprontomoda.com\/en\/produto\/conjunto-angye","title":{"rendered":"Conjunto Angye"},"content":{"rendered":"<p>Conjunto festa composto por 2 pe\u00e7as blusa e cal\u00e7a pantalona em tecido flat granulado com faixa de lantejoulas combinando no decote. mangas. e parte inferior das cal\u00e7as.<\/p>\n","protected":false},"excerpt":{"rendered":"<p>Descri\u00e7\u00e3o<\/p>\n","protected":false},"featured_media":57884,"template":"","meta":[],"product_cat":[388,389],"product_tag":[390],"class_list":["post-58337","product","type-product","status-publish","has-post-thumbnail","hentry","product_cat-conjuntos","product_cat-conjuntos-anvito-mulher-marcas","product_tag-conjuntos"],"aioseo_notices":[],"_links":{"self":[{"href":"https:\/\/multimarcaprontomoda.com\/en\/wp-json\/wp\/v2\/product\/58337","targetHints":{"allow":["GET"]}}],"collection":[{"href":"https:\/\/multimarcaprontomoda.com\/en\/wp-json\/wp\/v2\/product"}],"about":[{"href":"https:\/\/multimarcaprontomoda.com\/en\/wp-json\/wp\/v2\/types\/product"}],"wp:featuredmedia":[{"embeddable":true,"href":"https:\/\/multimarcaprontomoda.com\/en\/wp-json\/wp\/v2\/media\/57884"}],"wp:attachment":[{"href":"https:\/\/multimarcaprontomoda.com\/en\/wp-json\/wp\/v2\/media?parent=58337"}],"wp:term":[{"taxonomy":"product_cat","embeddable":true,"href":"https:\/\/multimarcaprontomoda.com\/en\/wp-json\/wp\/v2\/product_cat?post=58337"},{"taxonomy":"product_tag","embeddable":true,"href":"https:\/\/multimarcaprontomoda.com\/en\/wp-json\/wp\/v2\/product_tag?post=58337"}],"curies":[{"name":"wp","href":"https:\/\/api.w.org\/{rel}","templated":true}]}}