{"id":58424,"date":"2023-03-15T16:02:52","date_gmt":"2023-03-15T16:02:52","guid":{"rendered":"https:\/\/multimarcaprontomoda.com\/?post_type=product&#038;p=58424"},"modified":"2023-09-07T14:51:12","modified_gmt":"2023-09-07T14:51:12","slug":"conjunto-austin","status":"publish","type":"product","link":"https:\/\/multimarcaprontomoda.com\/en\/produto\/conjunto-austin","title":{"rendered":"Conjunto Austin"},"content":{"rendered":"<p>Conjunto estampado de 2 pe\u00e7as: blusa evas\u00ea com gola polo e manga 34. e cal\u00e7as largas com cintura el\u00e1stica.<\/p>\n","protected":false},"excerpt":{"rendered":"<p>Descri\u00e7\u00e3o<\/p>\n","protected":false},"featured_media":57900,"template":"","meta":[],"product_cat":[388,389],"product_tag":[390],"class_list":["post-58424","product","type-product","status-publish","has-post-thumbnail","hentry","product_cat-conjuntos","product_cat-conjuntos-anvito-mulher-marcas","product_tag-conjuntos"],"aioseo_notices":[],"_links":{"self":[{"href":"https:\/\/multimarcaprontomoda.com\/en\/wp-json\/wp\/v2\/product\/58424","targetHints":{"allow":["GET"]}}],"collection":[{"href":"https:\/\/multimarcaprontomoda.com\/en\/wp-json\/wp\/v2\/product"}],"about":[{"href":"https:\/\/multimarcaprontomoda.com\/en\/wp-json\/wp\/v2\/types\/product"}],"wp:featuredmedia":[{"embeddable":true,"href":"https:\/\/multimarcaprontomoda.com\/en\/wp-json\/wp\/v2\/media\/57900"}],"wp:attachment":[{"href":"https:\/\/multimarcaprontomoda.com\/en\/wp-json\/wp\/v2\/media?parent=58424"}],"wp:term":[{"taxonomy":"product_cat","embeddable":true,"href":"https:\/\/multimarcaprontomoda.com\/en\/wp-json\/wp\/v2\/product_cat?post=58424"},{"taxonomy":"product_tag","embeddable":true,"href":"https:\/\/multimarcaprontomoda.com\/en\/wp-json\/wp\/v2\/product_tag?post=58424"}],"curies":[{"name":"wp","href":"https:\/\/api.w.org\/{rel}","templated":true}]}}