{"id":58686,"date":"2023-05-18T11:09:05","date_gmt":"2023-05-18T11:09:05","guid":{"rendered":"https:\/\/multimarcaprontomoda.com\/?post_type=product&#038;p=58686"},"modified":"2023-09-07T14:52:33","modified_gmt":"2023-09-07T14:52:33","slug":"camisa-algodao","status":"publish","type":"product","link":"https:\/\/multimarcaprontomoda.com\/en\/produto\/camisa-algodao","title":{"rendered":"Camisa Algod\u00e3o"},"content":{"rendered":"<p>Composi\u00e7\u00e3o: 100% Algod\u00e3o<\/p>\n","protected":false},"excerpt":{"rendered":"<p>Descri\u00e7\u00e3o<\/p>\n","protected":false},"featured_media":57916,"template":"","meta":[],"product_cat":[190,298],"product_tag":[231],"class_list":["post-58686","product","type-product","status-publish","has-post-thumbnail","hentry","product_cat-camisolas-mulher","product_cat-camisolas-anvito-mulher-marcas","product_tag-camisolas"],"aioseo_notices":[],"_links":{"self":[{"href":"https:\/\/multimarcaprontomoda.com\/en\/wp-json\/wp\/v2\/product\/58686","targetHints":{"allow":["GET"]}}],"collection":[{"href":"https:\/\/multimarcaprontomoda.com\/en\/wp-json\/wp\/v2\/product"}],"about":[{"href":"https:\/\/multimarcaprontomoda.com\/en\/wp-json\/wp\/v2\/types\/product"}],"wp:featuredmedia":[{"embeddable":true,"href":"https:\/\/multimarcaprontomoda.com\/en\/wp-json\/wp\/v2\/media\/57916"}],"wp:attachment":[{"href":"https:\/\/multimarcaprontomoda.com\/en\/wp-json\/wp\/v2\/media?parent=58686"}],"wp:term":[{"taxonomy":"product_cat","embeddable":true,"href":"https:\/\/multimarcaprontomoda.com\/en\/wp-json\/wp\/v2\/product_cat?post=58686"},{"taxonomy":"product_tag","embeddable":true,"href":"https:\/\/multimarcaprontomoda.com\/en\/wp-json\/wp\/v2\/product_tag?post=58686"}],"curies":[{"name":"wp","href":"https:\/\/api.w.org\/{rel}","templated":true}]}}