{"id":59737,"date":"2023-05-23T15:22:55","date_gmt":"2023-05-23T15:22:55","guid":{"rendered":"https:\/\/multimarcaprontomoda.com\/?post_type=product&#038;p=59737"},"modified":"2023-09-11T16:40:19","modified_gmt":"2023-09-11T16:40:19","slug":"blusa-espalda-lisa","status":"publish","type":"product","link":"https:\/\/multimarcaprontomoda.com\/en\/produto\/blusa-espalda-lisa","title":{"rendered":"Blusa Espalda Lisa"},"content":{"rendered":"<p>T-shirt estampada com costas lisas, decote em V, mangas curtas desca\u00eddas e al\u00e7as cruzadas decorativas nas costas. Composi\u00e7\u00e3o: Tecido Estampado: 95% Poli\u00e9ster 5% Elastano. Tecido liso: 53% Poli\u00e9ster 47% Viscose<\/p>\n","protected":false},"excerpt":{"rendered":"<p>Descri\u00e7\u00e3o<\/p>\n","protected":false},"featured_media":59140,"template":"","meta":[],"product_cat":[190,290],"product_tag":[231],"class_list":["post-59737","product","type-product","status-publish","has-post-thumbnail","hentry","product_cat-camisolas-mulher","product_cat-camisolas-spg-mulher-marcas","product_tag-camisolas"],"aioseo_notices":[],"_links":{"self":[{"href":"https:\/\/multimarcaprontomoda.com\/en\/wp-json\/wp\/v2\/product\/59737","targetHints":{"allow":["GET"]}}],"collection":[{"href":"https:\/\/multimarcaprontomoda.com\/en\/wp-json\/wp\/v2\/product"}],"about":[{"href":"https:\/\/multimarcaprontomoda.com\/en\/wp-json\/wp\/v2\/types\/product"}],"wp:featuredmedia":[{"embeddable":true,"href":"https:\/\/multimarcaprontomoda.com\/en\/wp-json\/wp\/v2\/media\/59140"}],"wp:attachment":[{"href":"https:\/\/multimarcaprontomoda.com\/en\/wp-json\/wp\/v2\/media?parent=59737"}],"wp:term":[{"taxonomy":"product_cat","embeddable":true,"href":"https:\/\/multimarcaprontomoda.com\/en\/wp-json\/wp\/v2\/product_cat?post=59737"},{"taxonomy":"product_tag","embeddable":true,"href":"https:\/\/multimarcaprontomoda.com\/en\/wp-json\/wp\/v2\/product_tag?post=59737"}],"curies":[{"name":"wp","href":"https:\/\/api.w.org\/{rel}","templated":true}]}}