{"id":60334,"date":"2023-08-29T13:38:59","date_gmt":"2023-08-29T13:38:59","guid":{"rendered":"https:\/\/multimarcaprontomoda.com\/?post_type=product&#038;p=60334"},"modified":"2023-10-03T15:08:15","modified_gmt":"2023-10-03T15:08:15","slug":"blusa-bolso-paillete","status":"publish","type":"product","link":"https:\/\/multimarcaprontomoda.com\/en\/produto\/blusa-bolso-paillete","title":{"rendered":"Blusa Bolso Paillete"},"content":{"rendered":"<p>T-shirt b\u00e1sica com decote redondo, c\u00f3s com el\u00e1stico na lateral. Bolso e pala em tecido brilhante. Composi\u00e7\u00e3o: Tecido liso: 95% Poli\u00e9ster 5% Elastano. Tecido brilhante: 92% Poliamida 5% Elastano 3% Metal<\/p>\n","protected":false},"excerpt":{"rendered":"<p>Descri\u00e7\u00e3o<\/p>\n","protected":false},"featured_media":59992,"template":"","meta":[],"product_cat":[190,290],"product_tag":[231],"class_list":["post-60334","product","type-product","status-publish","has-post-thumbnail","hentry","product_cat-camisolas-mulher","product_cat-camisolas-spg-mulher-marcas","product_tag-camisolas"],"aioseo_notices":[],"_links":{"self":[{"href":"https:\/\/multimarcaprontomoda.com\/en\/wp-json\/wp\/v2\/product\/60334","targetHints":{"allow":["GET"]}}],"collection":[{"href":"https:\/\/multimarcaprontomoda.com\/en\/wp-json\/wp\/v2\/product"}],"about":[{"href":"https:\/\/multimarcaprontomoda.com\/en\/wp-json\/wp\/v2\/types\/product"}],"wp:featuredmedia":[{"embeddable":true,"href":"https:\/\/multimarcaprontomoda.com\/en\/wp-json\/wp\/v2\/media\/59992"}],"wp:attachment":[{"href":"https:\/\/multimarcaprontomoda.com\/en\/wp-json\/wp\/v2\/media?parent=60334"}],"wp:term":[{"taxonomy":"product_cat","embeddable":true,"href":"https:\/\/multimarcaprontomoda.com\/en\/wp-json\/wp\/v2\/product_cat?post=60334"},{"taxonomy":"product_tag","embeddable":true,"href":"https:\/\/multimarcaprontomoda.com\/en\/wp-json\/wp\/v2\/product_tag?post=60334"}],"curies":[{"name":"wp","href":"https:\/\/api.w.org\/{rel}","templated":true}]}}