{"id":60349,"date":"2023-08-29T13:39:26","date_gmt":"2023-08-29T13:39:26","guid":{"rendered":"https:\/\/multimarcaprontomoda.com\/?post_type=product&#038;p=60349"},"modified":"2023-10-03T15:08:32","modified_gmt":"2023-10-03T15:08:32","slug":"blusa-canale-lurex","status":"publish","type":"product","link":"https:\/\/multimarcaprontomoda.com\/en\/produto\/blusa-canale-lurex","title":{"rendered":"Blusa Canal\u00e9 Lurex"},"content":{"rendered":"<p>T-shirt b\u00e1sica com corte assim\u00e9trico no decote e punhos com acabamento em tecido lurex canelado. Composi\u00e7\u00e3o: Tecido liso: 95% Poli\u00e9ster 5% Elastano. Tecido brilhante: 75% Poliamida 20% Metal 5% Elastano<\/p>\n","protected":false},"excerpt":{"rendered":"<p>Descri\u00e7\u00e3o<\/p>\n","protected":false},"featured_media":59994,"template":"","meta":[],"product_cat":[190,290],"product_tag":[231],"class_list":["post-60349","product","type-product","status-publish","has-post-thumbnail","hentry","product_cat-camisolas-mulher","product_cat-camisolas-spg-mulher-marcas","product_tag-camisolas"],"aioseo_notices":[],"_links":{"self":[{"href":"https:\/\/multimarcaprontomoda.com\/en\/wp-json\/wp\/v2\/product\/60349","targetHints":{"allow":["GET"]}}],"collection":[{"href":"https:\/\/multimarcaprontomoda.com\/en\/wp-json\/wp\/v2\/product"}],"about":[{"href":"https:\/\/multimarcaprontomoda.com\/en\/wp-json\/wp\/v2\/types\/product"}],"wp:featuredmedia":[{"embeddable":true,"href":"https:\/\/multimarcaprontomoda.com\/en\/wp-json\/wp\/v2\/media\/59994"}],"wp:attachment":[{"href":"https:\/\/multimarcaprontomoda.com\/en\/wp-json\/wp\/v2\/media?parent=60349"}],"wp:term":[{"taxonomy":"product_cat","embeddable":true,"href":"https:\/\/multimarcaprontomoda.com\/en\/wp-json\/wp\/v2\/product_cat?post=60349"},{"taxonomy":"product_tag","embeddable":true,"href":"https:\/\/multimarcaprontomoda.com\/en\/wp-json\/wp\/v2\/product_tag?post=60349"}],"curies":[{"name":"wp","href":"https:\/\/api.w.org\/{rel}","templated":true}]}}