{"id":60350,"date":"2023-08-29T13:39:27","date_gmt":"2023-08-29T13:39:27","guid":{"rendered":"https:\/\/multimarcaprontomoda.com\/?post_type=product&#038;p=60350"},"modified":"2023-10-03T15:08:32","modified_gmt":"2023-10-03T15:08:32","slug":"blusa-ponto-evase-manga-volante","status":"publish","type":"product","link":"https:\/\/multimarcaprontomoda.com\/en\/produto\/blusa-ponto-evase-manga-volante","title":{"rendered":"Blusa Ponto Evas\u00e9 Manga Volante"},"content":{"rendered":"<p>Blusa de malha com corte A. Decote V e mangas com babados. Composi\u00e7\u00e3o: 95% Poli\u00e9ster 5% Elastano<\/p>\n","protected":false},"excerpt":{"rendered":"<p>Descri\u00e7\u00e3o<\/p>\n","protected":false},"featured_media":59996,"template":"","meta":[],"product_cat":[190,290],"product_tag":[231],"class_list":["post-60350","product","type-product","status-publish","has-post-thumbnail","hentry","product_cat-camisolas-mulher","product_cat-camisolas-spg-mulher-marcas","product_tag-camisolas"],"aioseo_notices":[],"_links":{"self":[{"href":"https:\/\/multimarcaprontomoda.com\/en\/wp-json\/wp\/v2\/product\/60350","targetHints":{"allow":["GET"]}}],"collection":[{"href":"https:\/\/multimarcaprontomoda.com\/en\/wp-json\/wp\/v2\/product"}],"about":[{"href":"https:\/\/multimarcaprontomoda.com\/en\/wp-json\/wp\/v2\/types\/product"}],"wp:featuredmedia":[{"embeddable":true,"href":"https:\/\/multimarcaprontomoda.com\/en\/wp-json\/wp\/v2\/media\/59996"}],"wp:attachment":[{"href":"https:\/\/multimarcaprontomoda.com\/en\/wp-json\/wp\/v2\/media?parent=60350"}],"wp:term":[{"taxonomy":"product_cat","embeddable":true,"href":"https:\/\/multimarcaprontomoda.com\/en\/wp-json\/wp\/v2\/product_cat?post=60350"},{"taxonomy":"product_tag","embeddable":true,"href":"https:\/\/multimarcaprontomoda.com\/en\/wp-json\/wp\/v2\/product_tag?post=60350"}],"curies":[{"name":"wp","href":"https:\/\/api.w.org\/{rel}","templated":true}]}}