{"id":60387,"date":"2023-08-29T13:40:25","date_gmt":"2023-08-29T13:40:25","guid":{"rendered":"https:\/\/multimarcaprontomoda.com\/?post_type=product&#038;p=60387"},"modified":"2023-10-03T15:08:49","modified_gmt":"2023-10-03T15:08:49","slug":"blusa-camiseiro-estampada","status":"publish","type":"product","link":"https:\/\/multimarcaprontomoda.com\/en\/produto\/blusa-camiseiro-estampada","title":{"rendered":"Blusa Camiseiro Estampada"},"content":{"rendered":"<p>Blusa estampada com decote em V e gola de camisa. Mangas ligeiramente largas. Jugo traseiro com prega, bainha redonda com fendas laterais. Composi\u00e7\u00e3o: 96% Poli\u00e9ster 4% Elastano<\/p>\n","protected":false},"excerpt":{"rendered":"<p>Descri\u00e7\u00e3o<\/p>\n","protected":false},"featured_media":60004,"template":"","meta":[],"product_cat":[290,190],"product_tag":[231],"class_list":["post-60387","product","type-product","status-publish","has-post-thumbnail","hentry","product_cat-camisolas-spg-mulher-marcas","product_cat-camisolas-mulher","product_tag-camisolas"],"aioseo_notices":[],"_links":{"self":[{"href":"https:\/\/multimarcaprontomoda.com\/en\/wp-json\/wp\/v2\/product\/60387","targetHints":{"allow":["GET"]}}],"collection":[{"href":"https:\/\/multimarcaprontomoda.com\/en\/wp-json\/wp\/v2\/product"}],"about":[{"href":"https:\/\/multimarcaprontomoda.com\/en\/wp-json\/wp\/v2\/types\/product"}],"wp:featuredmedia":[{"embeddable":true,"href":"https:\/\/multimarcaprontomoda.com\/en\/wp-json\/wp\/v2\/media\/60004"}],"wp:attachment":[{"href":"https:\/\/multimarcaprontomoda.com\/en\/wp-json\/wp\/v2\/media?parent=60387"}],"wp:term":[{"taxonomy":"product_cat","embeddable":true,"href":"https:\/\/multimarcaprontomoda.com\/en\/wp-json\/wp\/v2\/product_cat?post=60387"},{"taxonomy":"product_tag","embeddable":true,"href":"https:\/\/multimarcaprontomoda.com\/en\/wp-json\/wp\/v2\/product_tag?post=60387"}],"curies":[{"name":"wp","href":"https:\/\/api.w.org\/{rel}","templated":true}]}}