{"id":60388,"date":"2023-08-29T13:40:26","date_gmt":"2023-08-29T13:40:26","guid":{"rendered":"https:\/\/multimarcaprontomoda.com\/?post_type=product&#038;p=60388"},"modified":"2023-10-03T15:08:49","modified_gmt":"2023-10-03T15:08:49","slug":"blusa-capa-estampada","status":"publish","type":"product","link":"https:\/\/multimarcaprontomoda.com\/en\/produto\/blusa-capa-estampada","title":{"rendered":"Blusa Capa Estampada"},"content":{"rendered":"<p>Blusa estampada em linha A com dupla camada em contraste, manga longa com punho el\u00e1stico, decote em V e formato triangular. Composi\u00e7\u00e3o: Tecido externo: 96% Poli\u00e9ster 4% Elastano. Tecido interno: 100% Poli\u00e9ster<\/p>\n","protected":false},"excerpt":{"rendered":"<p>Descri\u00e7\u00e3o<\/p>\n","protected":false},"featured_media":60006,"template":"","meta":[],"product_cat":[290,190],"product_tag":[231],"class_list":["post-60388","product","type-product","status-publish","has-post-thumbnail","hentry","product_cat-camisolas-spg-mulher-marcas","product_cat-camisolas-mulher","product_tag-camisolas"],"aioseo_notices":[],"_links":{"self":[{"href":"https:\/\/multimarcaprontomoda.com\/en\/wp-json\/wp\/v2\/product\/60388","targetHints":{"allow":["GET"]}}],"collection":[{"href":"https:\/\/multimarcaprontomoda.com\/en\/wp-json\/wp\/v2\/product"}],"about":[{"href":"https:\/\/multimarcaprontomoda.com\/en\/wp-json\/wp\/v2\/types\/product"}],"wp:featuredmedia":[{"embeddable":true,"href":"https:\/\/multimarcaprontomoda.com\/en\/wp-json\/wp\/v2\/media\/60006"}],"wp:attachment":[{"href":"https:\/\/multimarcaprontomoda.com\/en\/wp-json\/wp\/v2\/media?parent=60388"}],"wp:term":[{"taxonomy":"product_cat","embeddable":true,"href":"https:\/\/multimarcaprontomoda.com\/en\/wp-json\/wp\/v2\/product_cat?post=60388"},{"taxonomy":"product_tag","embeddable":true,"href":"https:\/\/multimarcaprontomoda.com\/en\/wp-json\/wp\/v2\/product_tag?post=60388"}],"curies":[{"name":"wp","href":"https:\/\/api.w.org\/{rel}","templated":true}]}}