{"id":60410,"date":"2023-08-29T13:40:52","date_gmt":"2023-08-29T13:40:52","guid":{"rendered":"https:\/\/multimarcaprontomoda.com\/?post_type=product&#038;p=60410"},"modified":"2023-10-03T15:08:50","modified_gmt":"2023-10-03T15:08:50","slug":"blusa-lisa","status":"publish","type":"product","link":"https:\/\/multimarcaprontomoda.com\/en\/produto\/blusa-lisa","title":{"rendered":"Blusa Lisa"},"content":{"rendered":"<p>Blusa com mangas curtas, decote em V, fendas laterais na barra e acabamento em renda no punho e na barra frontal. Composi\u00e7\u00e3o: 100% Poli\u00e9ster<\/p>\n","protected":false},"excerpt":{"rendered":"<p>Descri\u00e7\u00e3o<\/p>\n","protected":false},"featured_media":60008,"template":"","meta":[],"product_cat":[290,190],"product_tag":[231],"class_list":["post-60410","product","type-product","status-publish","has-post-thumbnail","hentry","product_cat-camisolas-spg-mulher-marcas","product_cat-camisolas-mulher","product_tag-camisolas"],"aioseo_notices":[],"_links":{"self":[{"href":"https:\/\/multimarcaprontomoda.com\/en\/wp-json\/wp\/v2\/product\/60410","targetHints":{"allow":["GET"]}}],"collection":[{"href":"https:\/\/multimarcaprontomoda.com\/en\/wp-json\/wp\/v2\/product"}],"about":[{"href":"https:\/\/multimarcaprontomoda.com\/en\/wp-json\/wp\/v2\/types\/product"}],"wp:featuredmedia":[{"embeddable":true,"href":"https:\/\/multimarcaprontomoda.com\/en\/wp-json\/wp\/v2\/media\/60008"}],"wp:attachment":[{"href":"https:\/\/multimarcaprontomoda.com\/en\/wp-json\/wp\/v2\/media?parent=60410"}],"wp:term":[{"taxonomy":"product_cat","embeddable":true,"href":"https:\/\/multimarcaprontomoda.com\/en\/wp-json\/wp\/v2\/product_cat?post=60410"},{"taxonomy":"product_tag","embeddable":true,"href":"https:\/\/multimarcaprontomoda.com\/en\/wp-json\/wp\/v2\/product_tag?post=60410"}],"curies":[{"name":"wp","href":"https:\/\/api.w.org\/{rel}","templated":true}]}}