{"id":60412,"date":"2023-08-29T13:40:53","date_gmt":"2023-08-29T13:40:53","guid":{"rendered":"https:\/\/multimarcaprontomoda.com\/?post_type=product&#038;p=60412"},"modified":"2023-10-03T15:09:05","modified_gmt":"2023-10-03T15:09:05","slug":"top-plissado-punto-estampado","status":"publish","type":"product","link":"https:\/\/multimarcaprontomoda.com\/en\/produto\/top-plissado-punto-estampado","title":{"rendered":"Top Plissado Punto Estampado"},"content":{"rendered":"<p>Top estampado com mangas curtas, decote em V, aberturas laterais na base e acabamento em renda no punho. Composi\u00e7\u00e3o: 100% Poli\u00e9ster<\/p>\n","protected":false},"excerpt":{"rendered":"<p>Descri\u00e7\u00e3o<\/p>\n","protected":false},"featured_media":60012,"template":"","meta":[],"product_cat":[190,290],"product_tag":[231],"class_list":["post-60412","product","type-product","status-publish","has-post-thumbnail","hentry","product_cat-camisolas-mulher","product_cat-camisolas-spg-mulher-marcas","product_tag-camisolas"],"aioseo_notices":[],"_links":{"self":[{"href":"https:\/\/multimarcaprontomoda.com\/en\/wp-json\/wp\/v2\/product\/60412","targetHints":{"allow":["GET"]}}],"collection":[{"href":"https:\/\/multimarcaprontomoda.com\/en\/wp-json\/wp\/v2\/product"}],"about":[{"href":"https:\/\/multimarcaprontomoda.com\/en\/wp-json\/wp\/v2\/types\/product"}],"wp:featuredmedia":[{"embeddable":true,"href":"https:\/\/multimarcaprontomoda.com\/en\/wp-json\/wp\/v2\/media\/60012"}],"wp:attachment":[{"href":"https:\/\/multimarcaprontomoda.com\/en\/wp-json\/wp\/v2\/media?parent=60412"}],"wp:term":[{"taxonomy":"product_cat","embeddable":true,"href":"https:\/\/multimarcaprontomoda.com\/en\/wp-json\/wp\/v2\/product_cat?post=60412"},{"taxonomy":"product_tag","embeddable":true,"href":"https:\/\/multimarcaprontomoda.com\/en\/wp-json\/wp\/v2\/product_tag?post=60412"}],"curies":[{"name":"wp","href":"https:\/\/api.w.org\/{rel}","templated":true}]}}