{"id":60608,"date":"2023-10-03T11:44:47","date_gmt":"2023-10-03T11:44:47","guid":{"rendered":"https:\/\/multimarcaprontomoda.com\/?post_type=product&#038;p=60608"},"modified":"2023-10-03T15:09:20","modified_gmt":"2023-10-03T15:09:20","slug":"vestido-ponto-estampado","status":"publish","type":"product","link":"https:\/\/multimarcaprontomoda.com\/en\/produto\/vestido-ponto-estampado","title":{"rendered":"Vestido Ponto Estampado"},"content":{"rendered":"<p>Vestido curto em malha estampada com lurex, decote barco, manga francesa com punhos. Composi\u00e7\u00e3o: 92% Poli\u00e9ster 4% Metal 4% Elastano<\/p>\n","protected":false},"excerpt":{"rendered":"<p>Descri\u00e7\u00e3o<\/p>\n","protected":false},"featured_media":60468,"template":"","meta":[],"product_cat":[284,293],"product_tag":[235],"class_list":["post-60608","product","type-product","status-publish","has-post-thumbnail","hentry","product_cat-vestidos-mulher","product_cat-vestidos-spg-mulher-marcas","product_tag-vestidos"],"aioseo_notices":[],"_links":{"self":[{"href":"https:\/\/multimarcaprontomoda.com\/en\/wp-json\/wp\/v2\/product\/60608","targetHints":{"allow":["GET"]}}],"collection":[{"href":"https:\/\/multimarcaprontomoda.com\/en\/wp-json\/wp\/v2\/product"}],"about":[{"href":"https:\/\/multimarcaprontomoda.com\/en\/wp-json\/wp\/v2\/types\/product"}],"wp:featuredmedia":[{"embeddable":true,"href":"https:\/\/multimarcaprontomoda.com\/en\/wp-json\/wp\/v2\/media\/60468"}],"wp:attachment":[{"href":"https:\/\/multimarcaprontomoda.com\/en\/wp-json\/wp\/v2\/media?parent=60608"}],"wp:term":[{"taxonomy":"product_cat","embeddable":true,"href":"https:\/\/multimarcaprontomoda.com\/en\/wp-json\/wp\/v2\/product_cat?post=60608"},{"taxonomy":"product_tag","embeddable":true,"href":"https:\/\/multimarcaprontomoda.com\/en\/wp-json\/wp\/v2\/product_tag?post=60608"}],"curies":[{"name":"wp","href":"https:\/\/api.w.org\/{rel}","templated":true}]}}