{"id":60609,"date":"2023-10-03T11:44:48","date_gmt":"2023-10-03T11:44:48","guid":{"rendered":"https:\/\/multimarcaprontomoda.com\/?post_type=product&#038;p=60609"},"modified":"2023-10-03T15:09:37","modified_gmt":"2023-10-03T15:09:37","slug":"vestido-midi-escote-cruzado","status":"publish","type":"product","link":"https:\/\/multimarcaprontomoda.com\/en\/produto\/vestido-midi-escote-cruzado","title":{"rendered":"Vestido Midi Escote Cruzado"},"content":{"rendered":"<p>Vestido midi liso com decote em V envolvente, mangas 3\/4 com punhos com fendas. Z\u00edper lateral. Composi\u00e7\u00e3o: Tecido externo: 97% Poli\u00e9ster 3% Elastano. Forro: 100% Poli\u00e9ster<\/p>\n","protected":false},"excerpt":{"rendered":"<p>Descri\u00e7\u00e3o<\/p>\n","protected":false},"featured_media":60470,"template":"","meta":[],"product_cat":[284,293],"product_tag":[235],"class_list":["post-60609","product","type-product","status-publish","has-post-thumbnail","hentry","product_cat-vestidos-mulher","product_cat-vestidos-spg-mulher-marcas","product_tag-vestidos"],"aioseo_notices":[],"_links":{"self":[{"href":"https:\/\/multimarcaprontomoda.com\/en\/wp-json\/wp\/v2\/product\/60609","targetHints":{"allow":["GET"]}}],"collection":[{"href":"https:\/\/multimarcaprontomoda.com\/en\/wp-json\/wp\/v2\/product"}],"about":[{"href":"https:\/\/multimarcaprontomoda.com\/en\/wp-json\/wp\/v2\/types\/product"}],"wp:featuredmedia":[{"embeddable":true,"href":"https:\/\/multimarcaprontomoda.com\/en\/wp-json\/wp\/v2\/media\/60470"}],"wp:attachment":[{"href":"https:\/\/multimarcaprontomoda.com\/en\/wp-json\/wp\/v2\/media?parent=60609"}],"wp:term":[{"taxonomy":"product_cat","embeddable":true,"href":"https:\/\/multimarcaprontomoda.com\/en\/wp-json\/wp\/v2\/product_cat?post=60609"},{"taxonomy":"product_tag","embeddable":true,"href":"https:\/\/multimarcaprontomoda.com\/en\/wp-json\/wp\/v2\/product_tag?post=60609"}],"curies":[{"name":"wp","href":"https:\/\/api.w.org\/{rel}","templated":true}]}}