{"id":60629,"date":"2023-10-03T11:45:09","date_gmt":"2023-10-03T11:45:09","guid":{"rendered":"https:\/\/multimarcaprontomoda.com\/?post_type=product&#038;p=60629"},"modified":"2023-10-03T15:09:38","modified_gmt":"2023-10-03T15:09:38","slug":"vestido-combinado","status":"publish","type":"product","link":"https:\/\/multimarcaprontomoda.com\/en\/produto\/vestido-combinado","title":{"rendered":"Vestido Combinado"},"content":{"rendered":"<p>Vestido liso com cortes assim\u00e9tricos, combinado com tecido brilhante e couro sint\u00e9tico nas mangas. Punhos em tecido liso. Composi\u00e7\u00e3o: Tecido brilhante: 92% Poliamida 5% Elastano 3% Metal. Tecido efeito couro: 95% Poli\u00e9ster 5% Elastano. Tecido liso: 95% Poli\u00e9ster 5% Elastano. Tecido interno: 95% Poli\u00e9ster 5% Elastano<\/p>\n","protected":false},"excerpt":{"rendered":"<p>Descri\u00e7\u00e3o<\/p>\n","protected":false},"featured_media":60474,"template":"","meta":[],"product_cat":[293,284],"product_tag":[235],"class_list":["post-60629","product","type-product","status-publish","has-post-thumbnail","hentry","product_cat-vestidos-spg-mulher-marcas","product_cat-vestidos-mulher","product_tag-vestidos"],"aioseo_notices":[],"_links":{"self":[{"href":"https:\/\/multimarcaprontomoda.com\/en\/wp-json\/wp\/v2\/product\/60629","targetHints":{"allow":["GET"]}}],"collection":[{"href":"https:\/\/multimarcaprontomoda.com\/en\/wp-json\/wp\/v2\/product"}],"about":[{"href":"https:\/\/multimarcaprontomoda.com\/en\/wp-json\/wp\/v2\/types\/product"}],"wp:featuredmedia":[{"embeddable":true,"href":"https:\/\/multimarcaprontomoda.com\/en\/wp-json\/wp\/v2\/media\/60474"}],"wp:attachment":[{"href":"https:\/\/multimarcaprontomoda.com\/en\/wp-json\/wp\/v2\/media?parent=60629"}],"wp:term":[{"taxonomy":"product_cat","embeddable":true,"href":"https:\/\/multimarcaprontomoda.com\/en\/wp-json\/wp\/v2\/product_cat?post=60629"},{"taxonomy":"product_tag","embeddable":true,"href":"https:\/\/multimarcaprontomoda.com\/en\/wp-json\/wp\/v2\/product_tag?post=60629"}],"curies":[{"name":"wp","href":"https:\/\/api.w.org\/{rel}","templated":true}]}}