{"id":60631,"date":"2023-10-03T11:45:10","date_gmt":"2023-10-03T11:45:10","guid":{"rendered":"https:\/\/multimarcaprontomoda.com\/?post_type=product&#038;p=60631"},"modified":"2023-10-03T15:09:58","modified_gmt":"2023-10-03T15:09:58","slug":"saia-midi-estampado","status":"publish","type":"product","link":"https:\/\/multimarcaprontomoda.com\/en\/produto\/saia-midi-estampado","title":{"rendered":"Saia Midi Estampado"},"content":{"rendered":"<p>Saia l\u00e1pis midi em malha estampada com fendas laterais e c\u00f3s el\u00e1stico. Composi\u00e7\u00e3o: 96% Poli\u00e9ster 4% Elastano<\/p>\n","protected":false},"excerpt":{"rendered":"<p>Descri\u00e7\u00e3o<\/p>\n","protected":false},"featured_media":60480,"template":"","meta":[],"product_cat":[294,295],"product_tag":[247],"class_list":["post-60631","product","type-product","status-publish","has-post-thumbnail","hentry","product_cat-saias-mulher","product_cat-saias-spg-mulher-marcas","product_tag-saias"],"aioseo_notices":[],"_links":{"self":[{"href":"https:\/\/multimarcaprontomoda.com\/en\/wp-json\/wp\/v2\/product\/60631","targetHints":{"allow":["GET"]}}],"collection":[{"href":"https:\/\/multimarcaprontomoda.com\/en\/wp-json\/wp\/v2\/product"}],"about":[{"href":"https:\/\/multimarcaprontomoda.com\/en\/wp-json\/wp\/v2\/types\/product"}],"wp:featuredmedia":[{"embeddable":true,"href":"https:\/\/multimarcaprontomoda.com\/en\/wp-json\/wp\/v2\/media\/60480"}],"wp:attachment":[{"href":"https:\/\/multimarcaprontomoda.com\/en\/wp-json\/wp\/v2\/media?parent=60631"}],"wp:term":[{"taxonomy":"product_cat","embeddable":true,"href":"https:\/\/multimarcaprontomoda.com\/en\/wp-json\/wp\/v2\/product_cat?post=60631"},{"taxonomy":"product_tag","embeddable":true,"href":"https:\/\/multimarcaprontomoda.com\/en\/wp-json\/wp\/v2\/product_tag?post=60631"}],"curies":[{"name":"wp","href":"https:\/\/api.w.org\/{rel}","templated":true}]}}